{"id":40587,"date":"2021-05-17T14:34:29","date_gmt":"2021-05-17T14:34:29","guid":{"rendered":"https:\/\/dammlife.pt\/?page_id=40587"},"modified":"2021-05-25T11:08:09","modified_gmt":"2021-05-25T11:08:09","slug":"eventos","status":"publish","type":"page","link":"https:\/\/dammlife.pt\/index.php\/eventos\/","title":{"rendered":"Eventos"},"content":{"rendered":"<p>[vc_row row_type=&#8221;row&#8221; use_row_as_full_screen_section=&#8221;no&#8221; type=&#8221;grid&#8221; oblique_section=&#8221;no&#8221; text_align=&#8221;center&#8221; background_color=&#8221;#f1f1f1&#8243; padding_top=&#8221;80&#8243; padding_bottom=&#8221;90&#8243; css_animation=&#8221;&#8221;][vc_column css=&#8221;.vc_custom_1621264145090{padding-right: 0px !important;padding-left: 0px !important;}&#8221;][vc_column_text]<\/p>\n<h3 style=\"text-align: center;\">Eventos Damm Life<\/h3>\n<p>[\/vc_column_text][vc_separator type=&#8221;transparent&#8221; up=&#8221;35&#8243; down=&#8221;0&#8243;][vc_column_text]<\/p>\n<div style=\"text-align: center;\">Dispomos do espa\u00e7o ideal para todo o tipo de eventos. A apenas 30 metros da Barragem de Castelo de Bode, o nosso espa\u00e7o oferece uma vasta \u00e1rea de jardim, jacuzzi, praia privada, churrasco, acesso ao lago com doca privada e possibilidade de alojamento.<\/div>\n<div style=\"text-align: center;\">Ideal para festas de anivers\u00e1rio, despedidas de solteiro, eventos para empresas, etc\u2026<\/div>\n<div style=\"text-align: center;\"><\/div>\n<div style=\"text-align: center;\">Para mais informa\u00e7\u00f5es sobre alojamento consultar:<\/div>\n<div><\/div>\n<div style=\"text-align: center;\"><a href=\"https:\/\/thewaterskiacademy.com\/index.php\/lake-house-a-casa-do-avo-castelo-de-bode\/\">Lake House &#8211; A Casa do Av\u00f4<\/a><\/div>\n<p>[\/vc_column_text][\/vc_column][\/vc_row][vc_row row_type=&#8221;row&#8221; use_row_as_full_screen_section=&#8221;no&#8221; type=&#8221;full_width&#8221; oblique_section=&#8221;no&#8221; text_align=&#8221;center&#8221; background_color=&#8221;#f1f1f1&#8243; css_animation=&#8221;&#8221;][vc_column css=&#8221;.vc_custom_1621264126532{padding-right: 0px !important;padding-left: 0px !important;}&#8221;][no_elements_holder number_of_columns=&#8221;three_columns&#8221; items_float_left=&#8221;yes&#8221;][no_elements_holder_item aligment=&#8221;left&#8221; animation_name=&#8221;fade_in&#8221; animation_delay=&#8221;100&#8243; advanced_animations=&#8221;no&#8221;]<div class='q_team on_hover social_style_between'><div class='q_team_inner'><div class='q_team_image'><img src='https:\/\/dammlife.pt\/wp-content\/uploads\/2021\/05\/7789.jpg' alt='' . esc_attr__( 'team_image', 'bodega-core' ) . '' \/><div class='q_team_social_holder in_center'  style='background-color:rgba(15,45,60,0.75);'><div class='q_team_social'><div class='q_team_social_inner'><div class='q_team_social_wrapp'><\/div><\/div><\/div><\/div><\/div><\/div><\/div>[\/no_elements_holder_item][no_elements_holder_item aligment=&#8221;left&#8221; animation_name=&#8221;fade_in&#8221; animation_delay=&#8221;200&#8243; advanced_animations=&#8221;no&#8221;]<div class='q_team on_hover social_style_between'><div class='q_team_inner'><div class='q_team_image'><img src='https:\/\/dammlife.pt\/wp-content\/uploads\/2021\/05\/IMG_5785-scaled.jpg' alt='' . esc_attr__( 'team_image', 'bodega-core' ) . '' \/><div class='q_team_social_holder in_center'  style='background-color:rgba(15,45,60,0.75);'><div class='q_team_social'><div class='q_team_social_inner'><div class='q_team_social_wrapp'><\/div><\/div><\/div><\/div><\/div><\/div><\/div>[\/no_elements_holder_item][no_elements_holder_item aligment=&#8221;left&#8221; animation_name=&#8221;fade_in&#8221; animation_delay=&#8221;300&#8243; advanced_animations=&#8221;no&#8221;]<div class='q_team on_hover social_style_between'><div class='q_team_inner'><div class='q_team_image'><img src='https:\/\/dammlife.pt\/wp-content\/uploads\/2021\/05\/IMG_5802-scaled.jpg' alt='' . esc_attr__( 'team_image', 'bodega-core' ) . '' \/><div class='q_team_social_holder in_center'  style='background-color:rgba(15,45,60,0.75);'><div class='q_team_social'><div class='q_team_social_inner'><div class='q_team_social_wrapp'><\/div><\/div><\/div><\/div><\/div><\/div><\/div>[\/no_elements_holder_item][\/no_elements_holder][no_elements_holder number_of_columns=&#8221;three_columns&#8221; items_float_left=&#8221;yes&#8221;][no_elements_holder_item aligment=&#8221;left&#8221; animation_name=&#8221;fade_in&#8221; animation_delay=&#8221;500&#8243; advanced_animations=&#8221;no&#8221;]<div class='q_team on_hover social_style_between'><div class='q_team_inner'><div class='q_team_image'><img src='https:\/\/dammlife.pt\/wp-content\/uploads\/2021\/05\/IMG_5822-scaled.jpg' alt='' . esc_attr__( 'team_image', 'bodega-core' ) . '' \/><div class='q_team_social_holder in_center'  style='background-color:rgba(15,45,60,0.75);'><div class='q_team_social'><div class='q_team_social_inner'><div class='q_team_social_wrapp'><\/div><\/div><\/div><\/div><\/div><\/div><\/div>[\/no_elements_holder_item][no_elements_holder_item aligment=&#8221;left&#8221; animation_name=&#8221;fade_in&#8221; animation_delay=&#8221;600&#8243; advanced_animations=&#8221;no&#8221;]<div class='q_team on_hover social_style_between'><div class='q_team_inner'><div class='q_team_image'><img src='https:\/\/dammlife.pt\/wp-content\/uploads\/2021\/05\/IMG_5731-scaled.jpg' alt='' . esc_attr__( 'team_image', 'bodega-core' ) . '' \/><div class='q_team_social_holder in_center'  style='background-color:rgba(15,45,60,0.75);'><div class='q_team_social'><div class='q_team_social_inner'><div class='q_team_social_wrapp'><\/div><\/div><\/div><\/div><\/div><\/div><\/div>[\/no_elements_holder_item][no_elements_holder_item aligment=&#8221;left&#8221; animation_name=&#8221;fade_in&#8221; animation_delay=&#8221;700&#8243; advanced_animations=&#8221;no&#8221;]<div class='q_team on_hover social_style_between'><div class='q_team_inner'><div class='q_team_image'><img src='https:\/\/dammlife.pt\/wp-content\/uploads\/2021\/05\/unnamed-1.jpg' alt='' . esc_attr__( 'team_image', 'bodega-core' ) . '' \/><div class='q_team_social_holder in_center'  style='background-color:rgba(15,45,60,0.75);'><div class='q_team_social'><div class='q_team_social_inner'><div class='q_team_social_wrapp'><\/div><\/div><\/div><\/div><\/div><\/div><\/div>[\/no_elements_holder_item][no_elements_holder_item aligment=&#8221;left&#8221; animation_name=&#8221;fade_in&#8221; animation_delay=&#8221;800&#8243; advanced_animations=&#8221;no&#8221;][\/no_elements_holder_item][\/no_elements_holder][no_elements_holder number_of_columns=&#8221;three_columns&#8221; items_float_left=&#8221;yes&#8221;][no_elements_holder_item aligment=&#8221;left&#8221; animation_name=&#8221;fade_in&#8221; animation_delay=&#8221;500&#8243; advanced_animations=&#8221;no&#8221;]<div class='q_team on_hover social_style_between'><div class='q_team_inner'><div class='q_team_image'><img src='https:\/\/dammlife.pt\/wp-content\/uploads\/2021\/05\/unnamed-2.jpg' alt='' . esc_attr__( 'team_image', 'bodega-core' ) . '' \/><div class='q_team_social_holder in_center'  style='background-color:rgba(15,45,60,0.75);'><div class='q_team_social'><div class='q_team_social_inner'><div class='q_team_social_wrapp'><\/div><\/div><\/div><\/div><\/div><\/div><\/div>[\/no_elements_holder_item][no_elements_holder_item aligment=&#8221;left&#8221; animation_name=&#8221;fade_in&#8221; animation_delay=&#8221;600&#8243; advanced_animations=&#8221;no&#8221;]<div class='q_team on_hover social_style_between'><div class='q_team_inner'><div class='q_team_image'><img src='https:\/\/dammlife.pt\/wp-content\/uploads\/2021\/05\/unnamed-3.jpg' alt='' . esc_attr__( 'team_image', 'bodega-core' ) . '' \/><div class='q_team_social_holder in_center'  style='background-color:rgba(15,45,60,0.75);'><div class='q_team_social'><div class='q_team_social_inner'><div class='q_team_social_wrapp'><\/div><\/div><\/div><\/div><\/div><\/div><\/div>[\/no_elements_holder_item][no_elements_holder_item aligment=&#8221;left&#8221; animation_name=&#8221;fade_in&#8221; animation_delay=&#8221;700&#8243; advanced_animations=&#8221;no&#8221;]<div class='q_team on_hover social_style_between'><div class='q_team_inner'><div class='q_team_image'><img src='https:\/\/dammlife.pt\/wp-content\/uploads\/2021\/05\/IMG_5690-scaled.jpg' alt='' . esc_attr__( 'team_image', 'bodega-core' ) . '' \/><div class='q_team_social_holder in_center'  style='background-color:rgba(15,45,60,0.75);'><div class='q_team_social'><div class='q_team_social_inner'><div class='q_team_social_wrapp'><\/div><\/div><\/div><\/div><\/div><\/div><\/div>[\/no_elements_holder_item][no_elements_holder_item aligment=&#8221;left&#8221; animation_name=&#8221;fade_in&#8221; animation_delay=&#8221;800&#8243; advanced_animations=&#8221;no&#8221;][\/no_elements_holder_item][\/no_elements_holder][\/vc_column][\/vc_row]<\/p>\n","protected":false},"excerpt":{"rendered":"<p>[vc_row row_type=&#8221;row&#8221; use_row_as_full_screen_section=&#8221;no&#8221; type=&#8221;grid&#8221; oblique_section=&#8221;no&#8221; text_align=&#8221;center&#8221; background_color=&#8221;#f1f1f1&#8243; padding_top=&#8221;80&#8243; padding_bottom=&#8221;90&#8243; css_animation=&#8221;&#8221;][vc_column css=&#8221;.vc_custom_1621264145090{padding-right: 0px !important;padding-left: 0px !important;}&#8221;][vc_column_text] Eventos Damm Life [\/vc_column_text][vc_separator type=&#8221;transparent&#8221; up=&#8221;35&#8243; down=&#8221;0&#8243;][vc_column_text] Dispomos do espa\u00e7o ideal para todo o tipo de eventos. A apenas 30 metros da Barragem de Castelo de Bode, o nosso espa\u00e7o&#8230;<\/p>\n","protected":false},"author":1,"featured_media":0,"parent":0,"menu_order":0,"comment_status":"closed","ping_status":"closed","template":"full_width.php","meta":{"footnotes":""},"class_list":["post-40587","page","type-page","status-publish","hentry"],"yoast_head":"<!-- This site is optimized with the Yoast SEO plugin v16.2 - https:\/\/yoast.com\/wordpress\/plugins\/seo\/ -->\r\n<title>Damm Life - Castelo de Bode - Eventos<\/title>\r\n<meta name=\"description\" content=\"Local ideal para eventos na Garagem de Castelo de Bode: Empresas, despedidas de solteiro, festas de anivers\u00e1rio, etc..Praia privada, jacuzzi, churrasco e alojamento a apenas 30m do lago.\" \/>\r\n<meta name=\"robots\" content=\"index, follow, max-snippet:-1, max-image-preview:large, max-video-preview:-1\" \/>\r\n<link rel=\"canonical\" href=\"https:\/\/dammlife.pt\/index.php\/eventos\/\" \/>\r\n<meta property=\"og:locale\" content=\"en_US\" \/>\r\n<meta property=\"og:type\" content=\"article\" \/>\r\n<meta property=\"og:title\" content=\"Damm Life - Castelo de Bode - Eventos\" \/>\r\n<meta property=\"og:description\" content=\"Local ideal para eventos na Garagem de Castelo de Bode: Empresas, despedidas de solteiro, festas de anivers\u00e1rio, etc..Praia privada, jacuzzi, churrasco e alojamento a apenas 30m do lago.\" \/>\r\n<meta property=\"og:url\" content=\"https:\/\/dammlife.pt\/index.php\/eventos\/\" \/>\r\n<meta property=\"og:site_name\" content=\"Damm Life\" \/>\r\n<meta property=\"article:modified_time\" content=\"2021-05-25T11:08:09+00:00\" \/>\r\n<meta name=\"twitter:card\" content=\"summary_large_image\" \/>\r\n<meta name=\"twitter:label1\" content=\"Est. reading time\">\n\t<meta name=\"twitter:data1\" content=\"2 minutes\">\r\n<script type=\"application\/ld+json\" class=\"yoast-schema-graph\">{\"@context\":\"https:\/\/schema.org\",\"@graph\":[{\"@type\":\"WebSite\",\"@id\":\"https:\/\/dammlife.pt\/#website\",\"url\":\"https:\/\/dammlife.pt\/\",\"name\":\"Damm Life\",\"description\":\"\",\"potentialAction\":[{\"@type\":\"SearchAction\",\"target\":\"https:\/\/dammlife.pt\/?s={search_term_string}\",\"query-input\":\"required name=search_term_string\"}],\"inLanguage\":\"en-US\"},{\"@type\":\"WebPage\",\"@id\":\"https:\/\/dammlife.pt\/index.php\/eventos\/#webpage\",\"url\":\"https:\/\/dammlife.pt\/index.php\/eventos\/\",\"name\":\"Damm Life - Castelo de Bode - Eventos\",\"isPartOf\":{\"@id\":\"https:\/\/dammlife.pt\/#website\"},\"datePublished\":\"2021-05-17T14:34:29+00:00\",\"dateModified\":\"2021-05-25T11:08:09+00:00\",\"description\":\"Local ideal para eventos na Garagem de Castelo de Bode: Empresas, despedidas de solteiro, festas de anivers\\u00e1rio, etc..Praia privada, jacuzzi, churrasco e alojamento a apenas 30m do lago.\",\"breadcrumb\":{\"@id\":\"https:\/\/dammlife.pt\/index.php\/eventos\/#breadcrumb\"},\"inLanguage\":\"en-US\",\"potentialAction\":[{\"@type\":\"ReadAction\",\"target\":[\"https:\/\/dammlife.pt\/index.php\/eventos\/\"]}]},{\"@type\":\"BreadcrumbList\",\"@id\":\"https:\/\/dammlife.pt\/index.php\/eventos\/#breadcrumb\",\"itemListElement\":[{\"@type\":\"ListItem\",\"position\":1,\"item\":{\"@type\":\"WebPage\",\"@id\":\"https:\/\/dammlife.pt\/\",\"url\":\"https:\/\/dammlife.pt\/\",\"name\":\"Home\"}},{\"@type\":\"ListItem\",\"position\":2,\"item\":{\"@id\":\"https:\/\/dammlife.pt\/index.php\/eventos\/#webpage\"}}]}]}<\/script>\r\n<!-- \/ Yoast SEO plugin. -->","_links":{"self":[{"href":"https:\/\/dammlife.pt\/index.php\/wp-json\/wp\/v2\/pages\/40587","targetHints":{"allow":["GET"]}}],"collection":[{"href":"https:\/\/dammlife.pt\/index.php\/wp-json\/wp\/v2\/pages"}],"about":[{"href":"https:\/\/dammlife.pt\/index.php\/wp-json\/wp\/v2\/types\/page"}],"author":[{"embeddable":true,"href":"https:\/\/dammlife.pt\/index.php\/wp-json\/wp\/v2\/users\/1"}],"replies":[{"embeddable":true,"href":"https:\/\/dammlife.pt\/index.php\/wp-json\/wp\/v2\/comments?post=40587"}],"version-history":[{"count":21,"href":"https:\/\/dammlife.pt\/index.php\/wp-json\/wp\/v2\/pages\/40587\/revisions"}],"predecessor-version":[{"id":40589,"href":"https:\/\/dammlife.pt\/index.php\/wp-json\/wp\/v2\/pages\/40587\/revisions\/40589"}],"wp:attachment":[{"href":"https:\/\/dammlife.pt\/index.php\/wp-json\/wp\/v2\/media?parent=40587"}],"curies":[{"name":"wp","href":"https:\/\/api.w.org\/{rel}","templated":true}]}}