{"id":40510,"date":"2014-12-11T08:52:08","date_gmt":"2014-12-11T08:52:08","guid":{"rendered":"http:\/\/demo.select-themes.com\/bodega28\/?page_id=4"},"modified":"2021-05-17T14:29:06","modified_gmt":"2021-05-17T14:29:06","slug":"home","status":"publish","type":"page","link":"https:\/\/dammlife.pt\/","title":{"rendered":"Home"},"content":{"rendered":"<p>[vc_row row_type=&#8221;row&#8221; use_row_as_full_screen_section=&#8221;no&#8221; type=&#8221;grid&#8221; oblique_section=&#8221;no&#8221; text_align=&#8221;left&#8221; padding_top=&#8221;100&#8243; padding_bottom=&#8221;65&#8243; css_animation=&#8221;&#8221;][vc_column][vc_column_text]<\/p>\n<h3 style=\"text-align: center;\">Sobre N\u00f3s<\/h3>\n<p>[\/vc_column_text][vc_separator type=&#8221;transparent&#8221; up=&#8221;35&#8243; down=&#8221;0&#8243;][vc_column_text]<\/p>\n<p style=\"text-align: center;\">A Damm Life nasce com o prop\u00f3sito de facilitar e proporcionar todo o tipo de experi\u00eancias a quem procura divers\u00e3o na Barragem do castelo de Bode.<\/p>\n<p style=\"text-align: center;\">Pretendemos dar um apoio 360 de forma a garantir a todos os nossos clientes uma estadia inesquec\u00edvel.<\/p>\n<p style=\"text-align: center;\">A barragem est\u00e1 repleta de op\u00e7\u00f5es no que toca atividades n\u00e1uticas, e n\u00f3s, dispomos de todas.<\/p>\n<p>[\/vc_column_text][vc_separator type=&#8221;transparent&#8221; up=&#8221;35&#8243; down=&#8221;0&#8243;][\/vc_column][\/vc_row]<\/p>\n","protected":false},"excerpt":{"rendered":"<p>[vc_row row_type=&#8221;row&#8221; use_row_as_full_screen_section=&#8221;no&#8221; type=&#8221;grid&#8221; oblique_section=&#8221;no&#8221; text_align=&#8221;left&#8221; padding_top=&#8221;100&#8243; padding_bottom=&#8221;65&#8243; css_animation=&#8221;&#8221;][vc_column][vc_column_text] Sobre N\u00f3s [\/vc_column_text][vc_separator type=&#8221;transparent&#8221; up=&#8221;35&#8243; down=&#8221;0&#8243;][vc_column_text] A Damm Life nasce com o prop\u00f3sito de facilitar e proporcionar todo o tipo de experi\u00eancias a quem procura divers\u00e3o na Barragem do castelo de Bode. Pretendemos dar um apoio&#8230;<\/p>\n","protected":false},"author":1,"featured_media":0,"parent":0,"menu_order":0,"comment_status":"open","ping_status":"closed","template":"full_width.php","meta":{"footnotes":""},"class_list":["post-40510","page","type-page","status-publish","hentry"],"yoast_head":"<!-- This site is optimized with the Yoast SEO plugin v16.2 - https:\/\/yoast.com\/wordpress\/plugins\/seo\/ -->\r\n<title>Damm Life - Nautical Experiences<\/title>\r\n<meta name=\"description\" content=\"Atividades N\u00e1uticas - Barragem de Castelo de Bode. Aluguer e passeios de barco, mota de \u00e1gua, canoa, SUP. Aulas de Ski, Wakeboard e Wakesurf.\" \/>\r\n<meta name=\"robots\" content=\"index, follow, max-snippet:-1, max-image-preview:large, max-video-preview:-1\" \/>\r\n<link rel=\"canonical\" href=\"https:\/\/dammlife.pt\/\" \/>\r\n<meta property=\"og:locale\" content=\"en_US\" \/>\r\n<meta property=\"og:type\" content=\"article\" \/>\r\n<meta property=\"og:title\" content=\"Damm Life - Nautical Experiences\" \/>\r\n<meta property=\"og:description\" content=\"Atividades N\u00e1uticas - Barragem de Castelo de Bode. Aluguer e passeios de barco, mota de \u00e1gua, canoa, SUP. Aulas de Ski, Wakeboard e Wakesurf.\" \/>\r\n<meta property=\"og:url\" content=\"https:\/\/dammlife.pt\/\" \/>\r\n<meta property=\"og:site_name\" content=\"Damm Life\" \/>\r\n<meta property=\"article:modified_time\" content=\"2021-05-17T14:29:06+00:00\" \/>\r\n<meta name=\"twitter:card\" content=\"summary_large_image\" \/>\r\n<meta name=\"twitter:label1\" content=\"Est. reading time\">\n\t<meta name=\"twitter:data1\" content=\"1 minute\">\r\n<script type=\"application\/ld+json\" class=\"yoast-schema-graph\">{\"@context\":\"https:\/\/schema.org\",\"@graph\":[{\"@type\":\"WebSite\",\"@id\":\"https:\/\/dammlife.pt\/#website\",\"url\":\"https:\/\/dammlife.pt\/\",\"name\":\"Damm Life\",\"description\":\"\",\"potentialAction\":[{\"@type\":\"SearchAction\",\"target\":\"https:\/\/dammlife.pt\/?s={search_term_string}\",\"query-input\":\"required name=search_term_string\"}],\"inLanguage\":\"en-US\"},{\"@type\":\"WebPage\",\"@id\":\"https:\/\/dammlife.pt\/#webpage\",\"url\":\"https:\/\/dammlife.pt\/\",\"name\":\"Damm Life - Nautical Experiences\",\"isPartOf\":{\"@id\":\"https:\/\/dammlife.pt\/#website\"},\"datePublished\":\"2014-12-11T08:52:08+00:00\",\"dateModified\":\"2021-05-17T14:29:06+00:00\",\"description\":\"Atividades N\\u00e1uticas - Barragem de Castelo de Bode. Aluguer e passeios de barco, mota de \\u00e1gua, canoa, SUP. Aulas de Ski, Wakeboard e Wakesurf.\",\"breadcrumb\":{\"@id\":\"https:\/\/dammlife.pt\/#breadcrumb\"},\"inLanguage\":\"en-US\",\"potentialAction\":[{\"@type\":\"ReadAction\",\"target\":[\"https:\/\/dammlife.pt\/\"]}]},{\"@type\":\"BreadcrumbList\",\"@id\":\"https:\/\/dammlife.pt\/#breadcrumb\",\"itemListElement\":[{\"@type\":\"ListItem\",\"position\":1,\"item\":{\"@type\":\"WebPage\",\"@id\":\"https:\/\/dammlife.pt\/\",\"url\":\"https:\/\/dammlife.pt\/\",\"name\":\"Home\"}},{\"@type\":\"ListItem\",\"position\":2,\"item\":{\"@id\":\"https:\/\/dammlife.pt\/#webpage\"}}]}]}<\/script>\r\n<!-- \/ Yoast SEO plugin. -->","_links":{"self":[{"href":"https:\/\/dammlife.pt\/index.php\/wp-json\/wp\/v2\/pages\/40510","targetHints":{"allow":["GET"]}}],"collection":[{"href":"https:\/\/dammlife.pt\/index.php\/wp-json\/wp\/v2\/pages"}],"about":[{"href":"https:\/\/dammlife.pt\/index.php\/wp-json\/wp\/v2\/types\/page"}],"author":[{"embeddable":true,"href":"https:\/\/dammlife.pt\/index.php\/wp-json\/wp\/v2\/users\/1"}],"replies":[{"embeddable":true,"href":"https:\/\/dammlife.pt\/index.php\/wp-json\/wp\/v2\/comments?post=40510"}],"version-history":[{"count":5,"href":"https:\/\/dammlife.pt\/index.php\/wp-json\/wp\/v2\/pages\/40510\/revisions"}],"predecessor-version":[{"id":40575,"href":"https:\/\/dammlife.pt\/index.php\/wp-json\/wp\/v2\/pages\/40510\/revisions\/40575"}],"wp:attachment":[{"href":"https:\/\/dammlife.pt\/index.php\/wp-json\/wp\/v2\/media?parent=40510"}],"curies":[{"name":"wp","href":"https:\/\/api.w.org\/{rel}","templated":true}]}}