{"id":20,"date":"2014-12-11T09:30:32","date_gmt":"2014-12-11T09:30:32","guid":{"rendered":"http:\/\/demo.select-themes.com\/bodega28\/?page_id=20"},"modified":"2021-05-25T10:59:03","modified_gmt":"2021-05-25T10:59:03","slug":"servicos","status":"publish","type":"page","link":"https:\/\/dammlife.pt\/index.php\/servicos\/","title":{"rendered":"Servi\u00e7os"},"content":{"rendered":"<p>[vc_row row_type=&#8221;row&#8221; use_row_as_full_screen_section=&#8221;no&#8221; type=&#8221;grid&#8221; oblique_section=&#8221;no&#8221; text_align=&#8221;center&#8221; background_color=&#8221;#f1f1f1&#8243; padding_top=&#8221;80&#8243; padding_bottom=&#8221;90&#8243; css_animation=&#8221;&#8221;][vc_column][vc_column_text]<\/p>\n<h3 style=\"text-align: center;\">Servi\u00e7os<\/h3>\n<p>[\/vc_column_text][vc_separator type=&#8221;transparent&#8221; up=&#8221;35&#8243; down=&#8221;0&#8243;][vc_column_text]<\/p>\n<p style=\"text-align: center;\">Acreditamos que a nossa oferta deve igualar a qualidade do nosso espa\u00e7o. Para que possa desfrutar ao m\u00e1ximo e sem preocupa\u00e7\u00f5es temos para lhe oferecer os melhores equipamentos do mercado.<\/p>\n<p>[\/vc_column_text][\/vc_column][\/vc_row][vc_row row_type=&#8221;row&#8221; use_row_as_full_screen_section=&#8221;no&#8221; type=&#8221;full_width&#8221; oblique_section=&#8221;no&#8221; text_align=&#8221;center&#8221; background_color=&#8221;#f1f1f1&#8243; css_animation=&#8221;&#8221;][vc_column][no_elements_holder number_of_columns=&#8221;three_columns&#8221; items_float_left=&#8221;yes&#8221;][no_elements_holder_item aligment=&#8221;left&#8221; animation_name=&#8221;fade_in&#8221; animation_delay=&#8221;100&#8243; advanced_animations=&#8221;no&#8221;]<div class='q_team on_hover social_style_between'><div class='q_team_inner'><div class='q_team_image'><img src='https:\/\/dammlife.pt\/wp-content\/uploads\/2021\/05\/IMG_6659-scaled.jpg' alt='' . esc_attr__( 'team_image', 'bodega-core' ) . '' \/><div class='q_team_social_holder in_center'  style='background-color:rgba(15,45,60,0.75);'><div class='q_team_social'><div class='q_team_social_inner'><div class='q_team_title_holder'><h5 class='q_team_name' style =\"color: #ffffff\">Barcos<\/h5><h6 class='q_team_position' style =\"color: #ffffff;font-size: 15px;font-weight: 500;text-transform: none\">Dispomos de 3 barcos de aluguer. Lota\u00e7\u00e3o at\u00e9 8 pessoas. Aluguer de dia inteiro, meio dia ou \u00e0 hora. Com\/sem skipper.<\/h6><\/div><div class='q_team_social_wrapp'><\/div><\/div><\/div><\/div><\/div><\/div><\/div>[\/no_elements_holder_item][no_elements_holder_item aligment=&#8221;left&#8221; animation_name=&#8221;fade_in&#8221; animation_delay=&#8221;200&#8243; advanced_animations=&#8221;no&#8221;]<div class='q_team on_hover social_style_between'><div class='q_team_inner'><div class='q_team_image'><img src='https:\/\/dammlife.pt\/wp-content\/uploads\/2021\/05\/IMG_7647-scaled.jpg' alt='' . esc_attr__( 'team_image', 'bodega-core' ) . '' \/><div class='q_team_social_holder in_center'  style='background-color:rgba(15,45,60,0.75);'><div class='q_team_social'><div class='q_team_social_inner'><div class='q_team_title_holder'><h5 class='q_team_name' style =\"color: #ffffff\">Motas de \u00c1gua<\/h5><h6 class='q_team_position' style =\"color: #ffffff;font-size: 15px;font-weight: 500;text-transform: none\">Dispomos de 2 motas de \u00e1gua. Lota\u00e7\u00e3o at\u00e9 2 pessoas. Aluguer de dia inteiro, hora ou slots de 20 minutos.<\/h6><\/div><div class='q_team_social_wrapp'><\/div><\/div><\/div><\/div><\/div><\/div><\/div>[\/no_elements_holder_item][no_elements_holder_item aligment=&#8221;left&#8221; animation_name=&#8221;fade_in&#8221; animation_delay=&#8221;300&#8243; advanced_animations=&#8221;no&#8221;]<div class='q_team on_hover social_style_between'><div class='q_team_inner'><div class='q_team_image'><img src='https:\/\/dammlife.pt\/wp-content\/uploads\/2021\/05\/IMG_7681-scaled.jpg' alt='' . esc_attr__( 'team_image', 'bodega-core' ) . '' \/><div class='q_team_social_holder in_center'  style='background-color:rgba(15,45,60,0.75);'><div class='q_team_social'><div class='q_team_social_inner'><div class='q_team_title_holder'><h5 class='q_team_name' style =\"color: #ffffff\">Jangada\/Party Barge<\/h5><h6 class='q_team_position' style =\"color: #ffffff;font-size: 15px;font-weight: 500;text-transform: none\">O tipo de barco ideal para grupos maiores (capacidade at\u00e9 14 pessoas). Dispon\u00edvel com\/sem skipper. Festas a bordo ou passeios espec\u00edficos com\/sem catering dispon\u00edveis mediante or\u00e7amento.<\/h6><\/div><div class='q_team_social_wrapp'><\/div><\/div><\/div><\/div><\/div><\/div><\/div>[\/no_elements_holder_item][\/no_elements_holder][no_elements_holder number_of_columns=&#8221;three_columns&#8221; items_float_left=&#8221;yes&#8221;][no_elements_holder_item aligment=&#8221;left&#8221; animation_name=&#8221;fade_in&#8221; animation_delay=&#8221;500&#8243; advanced_animations=&#8221;no&#8221;]<div class='q_team on_hover social_style_between'><div class='q_team_inner'><div class='q_team_image'><img src='https:\/\/dammlife.pt\/wp-content\/uploads\/2021\/05\/IMG_7997-scaled.jpg' alt='' . esc_attr__( 'team_image', 'bodega-core' ) . '' \/><div class='q_team_social_holder in_center'  style='background-color:rgba(15,45,60,0.75);'><div class='q_team_social'><div class='q_team_social_inner'><div class='q_team_title_holder'><h5 class='q_team_name' style =\"color: #ffffff\">Sups\/Canoas<\/h5><h6 class='q_team_position' style =\"color: #ffffff;font-size: 15px;font-weight: 500;text-transform: none\">Dispomos de canoas mono e bi-lugares bem como de uma vasta gama de pranchas de Stand Up Paddle. Aluguer dispon\u00edvel \u00e0 hora ou ao dia.<\/h6><\/div><div class='q_team_social_wrapp'><\/div><\/div><\/div><\/div><\/div><\/div><\/div>[\/no_elements_holder_item][no_elements_holder_item aligment=&#8221;left&#8221; animation_name=&#8221;fade_in&#8221; animation_delay=&#8221;600&#8243; advanced_animations=&#8221;no&#8221;]<div class='q_team on_hover social_style_between'><div class='q_team_inner'><div class='q_team_image'><img src='https:\/\/dammlife.pt\/wp-content\/uploads\/2021\/05\/unnamed.jpg' alt='' . esc_attr__( 'team_image', 'bodega-core' ) . '' \/><div class='q_team_social_holder in_center'  style='background-color:rgba(15,45,60,0.75);'><div class='q_team_social'><div class='q_team_social_inner'><div class='q_team_title_holder'><h5 class='q_team_name' style =\"color: #ffffff\">B\u00f3ias Reboc\u00e1veis<\/h5><h6 class='q_team_position' style =\"color: #ffffff;font-size: 15px;font-weight: 500;text-transform: none\">Uma das mais divertidas formas de aproveitar o plano de \u00e1gua! Dispomos de v\u00e1rios tipos de b\u00f3ias reboc\u00e1veis de 1 a 3 pessoas.<\/h6><\/div><div class='q_team_social_wrapp'><\/div><\/div><\/div><\/div><\/div><\/div><\/div>[\/no_elements_holder_item][no_elements_holder_item aligment=&#8221;left&#8221; animation_name=&#8221;fade_in&#8221; animation_delay=&#8221;700&#8243; advanced_animations=&#8221;no&#8221;]<div class='q_team on_hover social_style_between'><div class='q_team_inner'><div class='q_team_image'><img src='https:\/\/dammlife.pt\/wp-content\/uploads\/2021\/05\/wakesurf.jpg' alt='' . esc_attr__( 'team_image', 'bodega-core' ) . '' \/><div class='q_team_social_holder in_center'  style='background-color:rgba(15,45,60,0.75);'><div class='q_team_social'><div class='q_team_social_inner'><div class='q_team_title_holder'><h5 class='q_team_name' style =\"color: #ffffff\">Ski, Wakeboard\/Surf<\/h5><h6 class='q_team_position' style =\"color: #ffffff;font-size: 15px;font-weight: 500;text-transform: none\">Em parceria com uma das mais prestigiadas escolas, a THE WATER SKI ACADEMY, dispomos tamb\u00e9m de aulas de Ski e Wakeboard. Sess\u00f5es de Wakesurf est\u00e3o tamb\u00e9m dispon\u00edveis mediante marca\u00e7\u00e3o.<\/h6><\/div><div class='q_team_social_wrapp'><\/div><\/div><\/div><\/div><\/div><\/div><\/div>[\/no_elements_holder_item][no_elements_holder_item aligment=&#8221;left&#8221; animation_name=&#8221;fade_in&#8221; animation_delay=&#8221;800&#8243; advanced_animations=&#8221;no&#8221;][\/no_elements_holder_item][\/no_elements_holder][\/vc_column][\/vc_row]<\/p>\n","protected":false},"excerpt":{"rendered":"<p>[vc_row row_type=&#8221;row&#8221; use_row_as_full_screen_section=&#8221;no&#8221; type=&#8221;grid&#8221; oblique_section=&#8221;no&#8221; text_align=&#8221;center&#8221; background_color=&#8221;#f1f1f1&#8243; padding_top=&#8221;80&#8243; padding_bottom=&#8221;90&#8243; css_animation=&#8221;&#8221;][vc_column][vc_column_text] Servi\u00e7os [\/vc_column_text][vc_separator type=&#8221;transparent&#8221; up=&#8221;35&#8243; down=&#8221;0&#8243;][vc_column_text] Acreditamos que a nossa oferta deve igualar a qualidade do nosso espa\u00e7o. Para que possa desfrutar ao m\u00e1ximo e sem preocupa\u00e7\u00f5es temos para lhe oferecer os melhores equipamentos do mercado&#8230;.<\/p>\n","protected":false},"author":1,"featured_media":0,"parent":0,"menu_order":0,"comment_status":"open","ping_status":"closed","template":"full_width.php","meta":{"footnotes":""},"class_list":["post-20","page","type-page","status-publish","hentry"],"yoast_head":"<!-- This site is optimized with the Yoast SEO plugin v16.2 - https:\/\/yoast.com\/wordpress\/plugins\/seo\/ -->\r\n<title>Damm Life - Castelo de Bode - Servi\u00e7os<\/title>\r\n<meta name=\"description\" content=\"Nautical activities - Castelo de Bode Lake. Boat rentals, Jet Ski, Canoe, Stand up paddle, Ski, Wakeboard and Wakesurf.\" \/>\r\n<meta name=\"robots\" content=\"index, follow, max-snippet:-1, max-image-preview:large, max-video-preview:-1\" \/>\r\n<link rel=\"canonical\" href=\"https:\/\/dammlife.pt\/index.php\/servicos\/\" \/>\r\n<meta property=\"og:locale\" content=\"en_US\" \/>\r\n<meta property=\"og:type\" content=\"article\" \/>\r\n<meta property=\"og:title\" content=\"Damm Life - Castelo de Bode - Servi\u00e7os\" \/>\r\n<meta property=\"og:description\" content=\"Nautical activities - Castelo de Bode Lake. Boat rentals, Jet Ski, Canoe, Stand up paddle, Ski, Wakeboard and Wakesurf.\" \/>\r\n<meta property=\"og:url\" content=\"https:\/\/dammlife.pt\/index.php\/servicos\/\" \/>\r\n<meta property=\"og:site_name\" content=\"Damm Life\" \/>\r\n<meta property=\"article:modified_time\" content=\"2021-05-25T10:59:03+00:00\" \/>\r\n<meta name=\"twitter:card\" content=\"summary_large_image\" \/>\r\n<meta name=\"twitter:label1\" content=\"Est. reading time\">\n\t<meta name=\"twitter:data1\" content=\"2 minutes\">\r\n<script type=\"application\/ld+json\" class=\"yoast-schema-graph\">{\"@context\":\"https:\/\/schema.org\",\"@graph\":[{\"@type\":\"WebSite\",\"@id\":\"https:\/\/dammlife.pt\/#website\",\"url\":\"https:\/\/dammlife.pt\/\",\"name\":\"Damm Life\",\"description\":\"\",\"potentialAction\":[{\"@type\":\"SearchAction\",\"target\":\"https:\/\/dammlife.pt\/?s={search_term_string}\",\"query-input\":\"required name=search_term_string\"}],\"inLanguage\":\"en-US\"},{\"@type\":\"WebPage\",\"@id\":\"https:\/\/dammlife.pt\/index.php\/servicos\/#webpage\",\"url\":\"https:\/\/dammlife.pt\/index.php\/servicos\/\",\"name\":\"Damm Life - Castelo de Bode - Servi\\u00e7os\",\"isPartOf\":{\"@id\":\"https:\/\/dammlife.pt\/#website\"},\"datePublished\":\"2014-12-11T09:30:32+00:00\",\"dateModified\":\"2021-05-25T10:59:03+00:00\",\"description\":\"Nautical activities - Castelo de Bode Lake. Boat rentals, Jet Ski, Canoe, Stand up paddle, Ski, Wakeboard and Wakesurf.\",\"breadcrumb\":{\"@id\":\"https:\/\/dammlife.pt\/index.php\/servicos\/#breadcrumb\"},\"inLanguage\":\"en-US\",\"potentialAction\":[{\"@type\":\"ReadAction\",\"target\":[\"https:\/\/dammlife.pt\/index.php\/servicos\/\"]}]},{\"@type\":\"BreadcrumbList\",\"@id\":\"https:\/\/dammlife.pt\/index.php\/servicos\/#breadcrumb\",\"itemListElement\":[{\"@type\":\"ListItem\",\"position\":1,\"item\":{\"@type\":\"WebPage\",\"@id\":\"https:\/\/dammlife.pt\/\",\"url\":\"https:\/\/dammlife.pt\/\",\"name\":\"Home\"}},{\"@type\":\"ListItem\",\"position\":2,\"item\":{\"@id\":\"https:\/\/dammlife.pt\/index.php\/servicos\/#webpage\"}}]}]}<\/script>\r\n<!-- \/ Yoast SEO plugin. -->","_links":{"self":[{"href":"https:\/\/dammlife.pt\/index.php\/wp-json\/wp\/v2\/pages\/20","targetHints":{"allow":["GET"]}}],"collection":[{"href":"https:\/\/dammlife.pt\/index.php\/wp-json\/wp\/v2\/pages"}],"about":[{"href":"https:\/\/dammlife.pt\/index.php\/wp-json\/wp\/v2\/types\/page"}],"author":[{"embeddable":true,"href":"https:\/\/dammlife.pt\/index.php\/wp-json\/wp\/v2\/users\/1"}],"replies":[{"embeddable":true,"href":"https:\/\/dammlife.pt\/index.php\/wp-json\/wp\/v2\/comments?post=20"}],"version-history":[{"count":37,"href":"https:\/\/dammlife.pt\/index.php\/wp-json\/wp\/v2\/pages\/20\/revisions"}],"predecessor-version":[{"id":40661,"href":"https:\/\/dammlife.pt\/index.php\/wp-json\/wp\/v2\/pages\/20\/revisions\/40661"}],"wp:attachment":[{"href":"https:\/\/dammlife.pt\/index.php\/wp-json\/wp\/v2\/media?parent=20"}],"curies":[{"name":"wp","href":"https:\/\/api.w.org\/{rel}","templated":true}]}}